{"id":4652,"date":"2024-07-26T11:05:45","date_gmt":"2024-07-26T09:05:45","guid":{"rendered":"https:\/\/tchad.diplomatie.gov.bf\/?page_id=4652"},"modified":"2024-10-25T15:11:35","modified_gmt":"2024-10-25T13:11:35","slug":"associations-organisations","status":"publish","type":"page","link":"https:\/\/tchad.diplomatie.gov.bf\/index.php\/associations-organisations\/","title":{"rendered":"Associations &#038; Organisations"},"content":{"rendered":"\t\t<div data-elementor-type=\"wp-page\" data-elementor-id=\"4652\" class=\"elementor elementor-4652\" data-elementor-post-type=\"page\">\n\t\t\t\t<div data-particle_enable=\"false\" data-particle-mobile-disabled=\"false\" class=\"elementor-element elementor-element-5489876 e-flex e-con-boxed e-con e-parent\" data-id=\"5489876\" data-element_type=\"container\" data-e-type=\"container\">\n\t\t\t\t\t<div class=\"e-con-inner\">\n\t\t\t\t<div class=\"elementor-element elementor-element-102a223 elementor-widget elementor-widget-text-editor\" data-id=\"102a223\" data-element_type=\"widget\" data-e-type=\"widget\" data-widget_type=\"text-editor.default\">\n\t\t\t\t<div class=\"elementor-widget-container\">\n\t\t\t\t\t\t\t\t\t<p><strong><span class=\"s3\">R\u00e9publique du Tchad<\/span><\/strong><\/p><div class=\"s5\">1. <span class=\"s4\">Association de la Communaut\u00e9 burkinab\u00e8 <\/span><span class=\"s4\">vivant <\/span><span class=\"s4\">au Tchad (CBT)\u00a0;<\/span><\/div><div class=\"s5\">2. <span class=\"s4\">Association des Femmes de la Communaut\u00e9 burkinab\u00e8 <\/span><span class=\"s4\">vivant <\/span><span class=\"s4\">au Tchad (AFCBT)\u00a0;<\/span><\/div><div class=\"s5\">3. <span class=\"s4\">Cadre de Concertation des Burkinab\u00e8 au <\/span><span class=\"s4\">vivant <\/span><a name=\"_GoBack\"><\/a><span class=\"s4\">Tchad (CCBT)<\/span><\/div><div class=\"s5\">4. <span class=\"s4\">Alliance Tchado-Burkinab\u00e8 (ATB) <\/span><span class=\"s3\">R\u00e9publique Centrafricaine<\/span><\/div><div class=\"s5\"><span class=\"s7\">5. <\/span><span class=\"s4\">Communaut\u00e9 burkinab\u00e8 en R\u00e9publique Centrafricaine (C.B\/RCA)<\/span><\/div>\t\t\t\t\t\t\t\t<\/div>\n\t\t\t\t<\/div>\n\t\t\t\t\t<\/div>\n\t\t\t\t<\/div>\n\t\t\t\t<\/div>\n\t\t","protected":false},"excerpt":{"rendered":"<p>R\u00e9publique du Tchad 1. Association de la Communaut\u00e9 burkinab\u00e8 vivant au Tchad (CBT)\u00a0;2. Association des Femmes de la Communaut\u00e9 burkinab\u00e8 vivant au Tchad (AFCBT)\u00a0;3. Cadre de Concertation des Burkinab\u00e8 au vivant Tchad (CCBT)4. Alliance Tchado-Burkinab\u00e8 (ATB) R\u00e9publique Centrafricaine5. Communaut\u00e9 burkinab\u00e8 en R\u00e9publique Centrafricaine (C.B\/RCA)<\/p>\n","protected":false},"author":9,"featured_media":0,"parent":0,"menu_order":0,"comment_status":"closed","ping_status":"closed","template":"elementor_header_footer","meta":{"_acf_changed":false,"_monsterinsights_skip_tracking":false,"_monsterinsights_sitenote_active":false,"_monsterinsights_sitenote_note":"","_monsterinsights_sitenote_category":0,"footnotes":""},"class_list":["post-4652","page","type-page","status-publish","hentry"],"acf":[],"_links":{"self":[{"href":"https:\/\/tchad.diplomatie.gov.bf\/index.php\/wp-json\/wp\/v2\/pages\/4652","targetHints":{"allow":["GET"]}}],"collection":[{"href":"https:\/\/tchad.diplomatie.gov.bf\/index.php\/wp-json\/wp\/v2\/pages"}],"about":[{"href":"https:\/\/tchad.diplomatie.gov.bf\/index.php\/wp-json\/wp\/v2\/types\/page"}],"author":[{"embeddable":true,"href":"https:\/\/tchad.diplomatie.gov.bf\/index.php\/wp-json\/wp\/v2\/users\/9"}],"replies":[{"embeddable":true,"href":"https:\/\/tchad.diplomatie.gov.bf\/index.php\/wp-json\/wp\/v2\/comments?post=4652"}],"version-history":[{"count":14,"href":"https:\/\/tchad.diplomatie.gov.bf\/index.php\/wp-json\/wp\/v2\/pages\/4652\/revisions"}],"predecessor-version":[{"id":5232,"href":"https:\/\/tchad.diplomatie.gov.bf\/index.php\/wp-json\/wp\/v2\/pages\/4652\/revisions\/5232"}],"wp:attachment":[{"href":"https:\/\/tchad.diplomatie.gov.bf\/index.php\/wp-json\/wp\/v2\/media?parent=4652"}],"curies":[{"name":"wp","href":"https:\/\/api.w.org\/{rel}","templated":true}]}}